{"id":10,"date":"2013-05-31T11:56:39","date_gmt":"2013-05-31T11:56:39","guid":{"rendered":"http:\/\/zephyr.us-themes.com\/pages\/contact\/"},"modified":"2024-04-25T16:34:22","modified_gmt":"2024-04-25T13:34:22","slug":"iletisim","status":"publish","type":"page","link":"https:\/\/pintest.info.tr\/?page_id=10","title":{"rendered":"\u0130leti\u015fim"},"content":{"rendered":"<section class=\"l-section wpb_row height_auto\"><div class=\"l-section-h i-cf\"><div class=\"g-cols type_default valign_top\"><div class=\"vc_col-sm-12 wpb_column vc_column_container\"><div class=\"vc_column-inner\"><div class=\"wpb_wrapper\"><\/div><\/div><\/div><\/div><\/div><\/section><section class=\"l-section wpb_row height_medium\"><div class=\"l-section-h i-cf\"><div class=\"g-cols type_default valign_top\"><div class=\"vc_col-sm-4 wpb_column vc_column_container\"><div class=\"vc_column-inner\"><div class=\"wpb_wrapper\">\n\t<div class=\"wpb_text_column \">\n\t\t<div class=\"wpb_wrapper\">\n\t\t\t<h4>Sosyal A\u011flar<\/h4>\n\n\t\t<\/div>\n\t<\/div>\n<div class=\"w-socials align_left style_default color_brand index_1\" style=\"font-size:18px;\"><div class=\"w-socials-list\"><div class=\"w-socials-item facebook\">\n\t\t\t\t<a class=\"w-socials-item-link\" target=\"_blank\" href=\"https:\/\/www.facebook.com\/pintest.uygunluk.degerlendirme\">\n\t\t\t\t\t<span class=\"w-socials-item-link-hover\"><\/span>\n\t\t\t\t<\/a>\n\t\t\t\t<div class=\"w-socials-item-popup\">\n\t\t\t\t\t<span>Facebook<\/span>\n\t\t\t\t<\/div>\n\t\t\t<\/div><div class=\"w-socials-item twitter\">\n\t\t\t\t<a class=\"w-socials-item-link\" target=\"_blank\" href=\"https:\/\/twitter.com\/PintestUygunluk\">\n\t\t\t\t\t<span class=\"w-socials-item-link-hover\"><\/span>\n\t\t\t\t<\/a>\n\t\t\t\t<div class=\"w-socials-item-popup\">\n\t\t\t\t\t<span>Twitter<\/span>\n\t\t\t\t<\/div>\n\t\t\t<\/div><div class=\"w-socials-item linkedin\">\n\t\t\t\t<a class=\"w-socials-item-link\" target=\"_blank\" href=\"https:\/\/www.linkedin.com\/company\/pintest-uygunluk-de%C4%9Ferlendirme-kurulu%C5%9Fu\">\n\t\t\t\t\t<span class=\"w-socials-item-link-hover\"><\/span>\n\t\t\t\t<\/a>\n\t\t\t\t<div class=\"w-socials-item-popup\">\n\t\t\t\t\t<span>LinkedIn<\/span>\n\t\t\t\t<\/div>\n\t\t\t<\/div><div class=\"w-socials-item instagram\">\n\t\t\t\t<a class=\"w-socials-item-link\" target=\"_blank\" href=\"https:\/\/www.instagram.com\/pintest.uygunluk.degerlendirme\/\">\n\t\t\t\t\t<span class=\"w-socials-item-link-hover\"><\/span>\n\t\t\t\t<\/a>\n\t\t\t\t<div class=\"w-socials-item-popup\">\n\t\t\t\t\t<span>Instagram<\/span>\n\t\t\t\t<\/div>\n\t\t\t<\/div><\/div><\/div><div class=\"w-separator type_invisible size_medium thick_1 style_solid color_border cont_none\"><span class=\"w-separator-h\"><\/span><\/div><\/div><\/div><\/div><div class=\"vc_col-sm-8 wpb_column vc_column_container\"><div class=\"vc_column-inner\"><div class=\"wpb_wrapper\">\n\t<div class=\"wpb_text_column \">\n\t\t<div class=\"wpb_wrapper\">\n\t\t\t<h4>\u0130leti\u015fim bilgilerimiz<\/h4>\n\n\t\t<\/div>\n\t<\/div>\n<div class=\"w-iconbox iconpos_left style_default color_primary no_text\"><div class=\"w-iconbox-icon\" style=\"font-size:26x;\"><i class=\"material-icons\">location_on<\/i><\/div><div class=\"w-iconbox-meta\"><h6 class=\"w-iconbox-title\">\u0130OSB Mah. Bedrettin Dalan Bulvar\u0131 No:39 \u0130pkas \u0130\u015f Merkezi Ofis No:97<br \/>\nBa\u015fak\u015fehir\/\u0130stanbul<\/h6><\/div><\/div><div class=\"w-separator type_invisible size_small thick_1 style_solid color_border cont_none\"><span class=\"w-separator-h\"><\/span><\/div><div class=\"w-iconbox iconpos_left style_default color_primary no_text\"><a class=\"w-iconbox-link\" href=\"mailto:info@pintest.com.tr\"><div class=\"w-iconbox-icon\" style=\"font-size:26;\"><i class=\"material-icons\">outgoing_mail<\/i><\/div><\/a><div class=\"w-iconbox-meta\"><a class=\"w-iconbox-link\" href=\"mailto:info@pintest.com.tr\"><h6 class=\"w-iconbox-title\">info@pintest.com.tr<\/h6><\/a><\/div><\/div><div class=\"w-separator type_invisible size_small thick_1 style_solid color_border cont_none\"><span class=\"w-separator-h\"><\/span><\/div><div class=\"w-iconbox iconpos_left style_default color_primary no_text\"><a class=\"w-iconbox-link\" href=\"tel:02129458845\"><div class=\"w-iconbox-icon\" style=\"font-size:26;\"><i class=\"material-icons\">phone_forwarded<\/i><\/div><\/a><div class=\"w-iconbox-meta\"><a class=\"w-iconbox-link\" href=\"tel:02129458845\"><h6 class=\"w-iconbox-title\">0212 945 88 45<\/h6><\/a><\/div><\/div><div class=\"w-separator type_invisible size_small thick_1 style_solid color_border cont_none\"><span class=\"w-separator-h\"><\/span><\/div><div class=\"w-iconbox iconpos_left style_default color_primary no_text\"><a class=\"w-iconbox-link\" href=\"tel:05057458845\"><div class=\"w-iconbox-icon\" style=\"font-size:26;\"><i class=\"material-icons\">phone_iphone<\/i><\/div><\/a><div class=\"w-iconbox-meta\"><a class=\"w-iconbox-link\" href=\"tel:05057458845\"><h6 class=\"w-iconbox-title\">0505 745 88 45<\/h6><\/a><\/div><\/div><div class=\"w-separator type_invisible size_small thick_1 style_solid color_border cont_none\"><span class=\"w-separator-h\"><\/span><\/div><div class=\"w-iconbox iconpos_left style_default color_primary no_text\"><div class=\"w-iconbox-icon\" style=\"font-size:26;\"><i class=\"material-icons\">fax<\/i><\/div><div class=\"w-iconbox-meta\"><h6 class=\"w-iconbox-title\">0212 945 88 45<\/h6><\/div><\/div><\/div><\/div><\/div><\/div><\/div><\/section><section class=\"l-section wpb_row height_auto width_full\"><div class=\"l-section-h i-cf\"><div class=\"g-cols type_default valign_top\"><div class=\"vc_col-sm-12 wpb_column vc_column_container\"><div class=\"vc_column-inner\"><div class=\"wpb_wrapper\"><div class=\"w-tabs layout_default accordion type_togglable title_center icon_chevron iconpos_right \"><div class=\"w-tabs-list items_1\"><div class=\"w-tabs-list-h\"><div class=\"w-tabs-item with_icon\"><a href=\"#map-section\" class=\"w-tabs-item-h\"><i class=\"material-icons\">place<\/i><span class=\"w-tabs-item-title\">Google Haritalar Konumumuz<\/span><\/a><\/div>\n<\/div><\/div><div class=\"w-tabs-sections\"><div class=\"w-tabs-sections-h\"><div class=\"w-tabs-section color_custom with_icon no_indents\" id=\"map-section\" style=\"background-color: #3788ce;color: #ffffff;\"><a href=\"#map-section\" class=\"w-tabs-section-header\"><div class=\"w-tabs-section-header-h\"><i class=\"material-icons\">place<\/i><h5 class=\"w-tabs-section-title\">Google Haritalar Konumumuz<\/h5><div class=\"w-tabs-section-control\"><\/div><\/div><\/a><div class=\"w-tabs-section-content\"><div class=\"w-tabs-section-content-h i-cf\">[vc_raw_html]JTNDaWZyYW1lJTIwc3JjJTNEJTIyaHR0cHMlM0ElMkYlMkZ3d3cuZ29vZ2xlLmNvbSUyRm1hcHMlMkZlbWJlZCUzRnBiJTNEJTIxMW0xOCUyMTFtMTIlMjExbTMlMjExZDE4Ny45NzUzOTY0Njc3MjgyJTIxMmQyOC43OTU3OTI1Mzk4NzU0MDQlMjEzZDQxLjA3NzU5Njc1MjY5NjM4JTIxMm0zJTIxMWYwJTIxMmYwJTIxM2YwJTIxM20yJTIxMWkxMDI0JTIxMmk3NjglMjE0ZjEzLjElMjEzbTMlMjExbTIlMjExczB4MTRjYWI3ZTI3NzY4ZDc3NSUyNTNBMHhiNjIyOGU5MGMxYzY3ZjNhJTIxMnNHbmMlMjUyMHBvbHltZXJzJTI1MjBpJTI1QzMlMjVBNyUyNTIwdmUlMjUyMGQlMjVDNCUyNUIxJTI1QzUlMjU5RiUyNTIwdGljYXJldCUyNTIwc2FuYXlpJTI1MjBsaW1pdGVkJTI1MjAlMjVDNSUyNTlGaXJrZXRpJTIxNWUwJTIxM20yJTIxMXN0ciUyMTJzdHIlMjE0djE3MTQwNDk5MDMyNDElMjE1bTIlMjExc3RyJTIxMnN0ciUyMiUyMHdpZHRoJTNEJTIyMTAwJTI1JTIyJTIwaGVpZ2h0JTNEJTIyMzUwJTIyJTIwc3R5bGUlM0QlMjJib3JkZXIlM0EwJTNCJTIyJTIwYWxsb3dmdWxsc2NyZWVuJTNEJTIyJTIyJTIwbG9hZGluZyUzRCUyMmxhenklMjIlMjByZWZlcnJlcnBvbGljeSUzRCUyMm5vLXJlZmVycmVyLXdoZW4tZG93bmdyYWRlJTIyJTNFJTNDJTJGaWZyYW1lJTNF[\/vc_raw_html]<\/div><\/div><\/div><\/div><\/div><\/div><\/div><\/div><\/div><\/div><\/div><\/section>\n","protected":false},"excerpt":{"rendered":"[vc_empty_space height=\"20px\"][vc_empty_space height=\"8px\"][vc_custom_heading text=\"\u0130\u015fyeri Elektrik &amp; Mekanik Periyodik Kontrolleri hususunda P\u0130NTEST uzman kadrosu ile \u00f6l\u00e7\u00fcm, analiz ve \u00e7ok h\u0131zl\u0131 raporlama hizmeti ile yan\u0131n\u0131zda.\" font_container=\"tag:p|text_align:left\" google_fonts=\"font_family:Open%20Sans%3A300%2C300italic%2Cregular%2Citalic%2C600%2C600italic%2C700%2C700italic%2C800%2C800italic|font_style:300%20light%20italic%3A300%3Aitalic\" css=\".vc_custom_1697119055686{margin-top: -20px !important;}\"][vc_empty_space height=\"10px\"][vc_empty_space height=\"10px\"][vc_custom_heading text=\"Bizi Takip Edin\" font_container=\"tag:h5|text_align:left\" google_fonts=\"font_family:Open%20Sans%3A300%2C300italic%2Cregular%2Citalic%2C600%2C600italic%2C700%2C700italic%2C800%2C800italic|font_style:400%20regular%3A400%3Anormal\"] Facebook Twitter LinkedIn Instagram [vc_empty_space height=\"10px\"][vc_empty_space height=\"20px\"]mailinfo@pintest.com.tr[vc_empty_space height=\"5px\"]phone0212 945 88 45[vc_empty_space height=\"5px\"]smartphone0505 745 88 45[vc_empty_space height=\"5px\"]print0212 945 88 45[vc_empty_space height=\"15px\"][vc_empty_space...","protected":false},"author":4,"featured_media":0,"parent":0,"menu_order":0,"comment_status":"closed","ping_status":"closed","template":"","meta":{"om_disable_all_campaigns":false,"_monsterinsights_skip_tracking":false,"_monsterinsights_sitenote_active":false,"_monsterinsights_sitenote_note":"","_monsterinsights_sitenote_category":0,"_uf_show_specific_survey":0,"_uf_disable_surveys":false,"footnotes":""},"aioseo_notices":[],"yoast_head":"<!-- This site is optimized with the Yoast SEO plugin v21.3 - https:\/\/yoast.com\/wordpress\/plugins\/seo\/ -->\n<title>\u0130leti\u015fim - Pintest - Uygunluk De\u011ferlendirme Kurulu\u015fu<\/title>\n<meta name=\"robots\" content=\"index, follow, max-snippet:-1, max-image-preview:large, max-video-preview:-1\" \/>\n<link rel=\"canonical\" href=\"https:\/\/pintest.info.tr\/?page_id=10\" \/>\n<meta property=\"og:locale\" content=\"tr_TR\" \/>\n<meta property=\"og:type\" content=\"article\" \/>\n<meta property=\"og:title\" content=\"\u0130leti\u015fim - Pintest - Uygunluk De\u011ferlendirme Kurulu\u015fu\" \/>\n<meta property=\"og:url\" content=\"https:\/\/pintest.info.tr\/?page_id=10\" \/>\n<meta property=\"og:site_name\" content=\"Pintest - Uygunluk De\u011ferlendirme Kurulu\u015fu\" \/>\n<meta property=\"article:modified_time\" content=\"2024-04-25T13:34:22+00:00\" \/>\n<meta name=\"twitter:card\" content=\"summary_large_image\" \/>\n<meta name=\"twitter:label1\" content=\"Tahmini okuma s\u00fcresi\" \/>\n\t<meta name=\"twitter:data1\" content=\"1 dakika\" \/>\n<script type=\"application\/ld+json\" class=\"yoast-schema-graph\">{\"@context\":\"https:\/\/schema.org\",\"@graph\":[{\"@type\":\"WebPage\",\"@id\":\"https:\/\/pintest.info.tr\/?page_id=10\",\"url\":\"https:\/\/pintest.info.tr\/?page_id=10\",\"name\":\"\u0130leti\u015fim - Pintest - Uygunluk De\u011ferlendirme Kurulu\u015fu\",\"isPartOf\":{\"@id\":\"https:\/\/pintest.info.tr\/#website\"},\"datePublished\":\"2013-05-31T11:56:39+00:00\",\"dateModified\":\"2024-04-25T13:34:22+00:00\",\"inLanguage\":\"tr\",\"potentialAction\":[{\"@type\":\"ReadAction\",\"target\":[\"https:\/\/pintest.info.tr\/?page_id=10\"]}]},{\"@type\":\"WebSite\",\"@id\":\"https:\/\/pintest.info.tr\/#website\",\"url\":\"https:\/\/pintest.info.tr\/\",\"name\":\"Pintest - Uygunluk De\u011ferlendirme Kurulu\u015fu\",\"description\":\"Periyodik Kontrol &amp; Ortam \u00d6l\u00e7\u00fcmleri\",\"potentialAction\":[{\"@type\":\"SearchAction\",\"target\":{\"@type\":\"EntryPoint\",\"urlTemplate\":\"https:\/\/pintest.info.tr\/?s={search_term_string}\"},\"query-input\":\"required name=search_term_string\"}],\"inLanguage\":\"tr\"}]}<\/script>\n<!-- \/ Yoast SEO plugin. -->","yoast_head_json":{"title":"\u0130leti\u015fim - Pintest - Uygunluk De\u011ferlendirme Kurulu\u015fu","robots":{"index":"index","follow":"follow","max-snippet":"max-snippet:-1","max-image-preview":"max-image-preview:large","max-video-preview":"max-video-preview:-1"},"canonical":"https:\/\/pintest.info.tr\/?page_id=10","og_locale":"tr_TR","og_type":"article","og_title":"\u0130leti\u015fim - Pintest - Uygunluk De\u011ferlendirme Kurulu\u015fu","og_url":"https:\/\/pintest.info.tr\/?page_id=10","og_site_name":"Pintest - Uygunluk De\u011ferlendirme Kurulu\u015fu","article_modified_time":"2024-04-25T13:34:22+00:00","twitter_card":"summary_large_image","twitter_misc":{"Tahmini okuma s\u00fcresi":"1 dakika"},"schema":{"@context":"https:\/\/schema.org","@graph":[{"@type":"WebPage","@id":"https:\/\/pintest.info.tr\/?page_id=10","url":"https:\/\/pintest.info.tr\/?page_id=10","name":"\u0130leti\u015fim - Pintest - Uygunluk De\u011ferlendirme Kurulu\u015fu","isPartOf":{"@id":"https:\/\/pintest.info.tr\/#website"},"datePublished":"2013-05-31T11:56:39+00:00","dateModified":"2024-04-25T13:34:22+00:00","inLanguage":"tr","potentialAction":[{"@type":"ReadAction","target":["https:\/\/pintest.info.tr\/?page_id=10"]}]},{"@type":"WebSite","@id":"https:\/\/pintest.info.tr\/#website","url":"https:\/\/pintest.info.tr\/","name":"Pintest - Uygunluk De\u011ferlendirme Kurulu\u015fu","description":"Periyodik Kontrol &amp; Ortam \u00d6l\u00e7\u00fcmleri","potentialAction":[{"@type":"SearchAction","target":{"@type":"EntryPoint","urlTemplate":"https:\/\/pintest.info.tr\/?s={search_term_string}"},"query-input":"required name=search_term_string"}],"inLanguage":"tr"}]}},"_links":{"self":[{"href":"https:\/\/pintest.info.tr\/index.php?rest_route=\/wp\/v2\/pages\/10"}],"collection":[{"href":"https:\/\/pintest.info.tr\/index.php?rest_route=\/wp\/v2\/pages"}],"about":[{"href":"https:\/\/pintest.info.tr\/index.php?rest_route=\/wp\/v2\/types\/page"}],"author":[{"embeddable":true,"href":"https:\/\/pintest.info.tr\/index.php?rest_route=\/wp\/v2\/users\/4"}],"replies":[{"embeddable":true,"href":"https:\/\/pintest.info.tr\/index.php?rest_route=%2Fwp%2Fv2%2Fcomments&post=10"}],"version-history":[{"count":24,"href":"https:\/\/pintest.info.tr\/index.php?rest_route=\/wp\/v2\/pages\/10\/revisions"}],"predecessor-version":[{"id":25352,"href":"https:\/\/pintest.info.tr\/index.php?rest_route=\/wp\/v2\/pages\/10\/revisions\/25352"}],"wp:attachment":[{"href":"https:\/\/pintest.info.tr\/index.php?rest_route=%2Fwp%2Fv2%2Fmedia&parent=10"}],"curies":[{"name":"wp","href":"https:\/\/api.w.org\/{rel}","templated":true}]}}