{"id":22809,"date":"2017-05-22T18:57:56","date_gmt":"2017-05-22T15:57:56","guid":{"rendered":"https:\/\/pintest.info.tr?page_id=22809"},"modified":"2023-10-12T19:00:12","modified_gmt":"2023-10-12T16:00:12","slug":"tesisatlarin-periyodik-kontrolu","status":"publish","type":"page","link":"https:\/\/pintest.info.tr\/?page_id=22809","title":{"rendered":"Tesisatlar\u0131n Periyodik Kontrol\u00fc"},"content":{"rendered":"<section class=\"l-section wpb_row height_auto\" style=\"margin-top: -100px !important;\"><div class=\"l-section-h i-cf\"><div class=\"g-cols type_default valign_top\"><div class=\"vc_col-sm-12 wpb_column vc_column_container\"><div class=\"vc_column-inner\"><div class=\"wpb_wrapper\">[vc_empty_space height=&#8221;100px&#8221;][vc_custom_heading text=&#8221;TES\u0130SATLARIN PER\u0130YOD\u0130K KONTROL\u00dc&#8221; font_container=&#8221;tag:h2|text_align:left|color:%23134486&#8243; google_fonts=&#8221;font_family:Anton%3Aregular|font_style:400%20regular%3A400%3Anormal&#8221;]<\/div><\/div><\/div><\/div><\/div><\/section><section class=\"l-section wpb_row height_auto\"><div class=\"l-section-h i-cf\"><div class=\"g-cols type_default valign_top\"><div class=\"vc_col-sm-12 wpb_column vc_column_container\"><div class=\"vc_column-inner\"><div class=\"wpb_wrapper\">[vc_empty_space height=&#8221;20px&#8221;]\n\t<div class=\"wpb_text_column \">\n\t\t<div class=\"wpb_wrapper\">\n\t\t\t<p>\u0130\u015fletmeye ait havaland\u0131rma ve klima tesisat\u0131 ile tesisata ba\u011fl\u0131 bile\u015fenlerin uygunlu\u011fu, havaland\u0131rma kanallar\u0131ndan ge\u00e7en hava ak\u0131m de\u011ferlerinin belirlenmesi, havaland\u0131rma kanallar\u0131 ve menfezlerinin mevcut performans de\u011ferleri, \u00f6l\u00e7\u00fcm ve kontroller ile belirlenerek proje ile kar\u015f\u0131la\u015ft\u0131r\u0131lmas\u0131 yap\u0131l\u0131r.<\/p>\n\n\t\t<\/div>\n\t<\/div>\n[vc_empty_space height=&#8221;0px&#8221;]<\/div><\/div><\/div><\/div><\/div><\/section><!-- Row Backgrounds --><div class=\"upb_color\" data-bg-override=\"0\" data-bg-color=\"#efefef\" data-fadeout=\"\" data-fadeout-percentage=\"30\" data-parallax-content=\"\" data-parallax-content-sense=\"30\" data-row-effect-mobile-disable=\"true\" data-img-parallax-mobile-disable=\"true\" data-rtl=\"false\"  data-custom-vc-row=\"\"  data-vc=\"5.1.1\"  data-is_old_vc=\"\"  data-theme-support=\"\"   data-overlay=\"false\" data-overlay-color=\"\" data-overlay-pattern=\"\" data-overlay-pattern-opacity=\"\" data-overlay-pattern-size=\"\"    ><\/div><section class=\"l-section wpb_row height_auto\"><div class=\"l-section-h i-cf\"><div class=\"g-cols type_default valign_top\"><div class=\"vc_col-sm-12 wpb_column vc_column_container\"><div class=\"vc_column-inner\"><div class=\"wpb_wrapper\">\n\t<div class=\"wpb_text_column \">\n\t\t<div class=\"wpb_wrapper\">\n\t\t\t<p>Yang\u0131n Tesisat\u0131 kontrolleri (yang\u0131n belirtilen\u00a0kriterlere\u00a0uygun olup olmad\u0131\u011f\u0131n\u0131n belirlenmesine y\u00f6nelik olarak \u0130\u015f Ekipmanlar\u0131n\u0131n Kullan\u0131m\u0131nda Sa\u011fl\u0131k ve G\u00fcvenlik \u015eartlar\u0131 Y\u00f6netmeli\u011fi, Binalar\u0131n Yang\u0131ndan Korunmas\u0131 Hakk\u0131nda Y\u00f6netmelik ve ilgili standartlarda belirtilen hususlara g\u00f6re kontrol\u00fc yap\u0131l\u0131r.<\/p>\n<p><strong>P\u0130NTEST<\/strong> olarak 6331 say\u0131l\u0131 kanun \u00e7er\u00e7evesinde makine m\u00fchendislerimizce ger\u00e7ekle\u015ftirilen periyodik kontroller neticesinde, d\u00fczenlenen raporlar, i\u015f m\u00fcfetti\u015fleri ve di\u011fer denetleyici makamlar taraf\u0131ndan kabul edilmektedir.<\/p>\n<p><strong>TES\u0130SAT KONTROLLER\u0130M\u0130Z;<\/strong><\/p>\n<ul>\n<li>Havaland\u0131rma ve Klima Tesisatlar\u0131<\/li>\n<li>Yang\u0131n Tesisat\u0131 ve Hortumlar<\/li>\n<li>Motopompalar<\/li>\n<li>Kollekt\u00f6r\u00a0Tesisat\u0131<\/li>\n<li>S\u00f6nd\u00fcrme Sistemleri<\/li>\n<\/ul>\n\n\t\t<\/div>\n\t<\/div>\n[vc_empty_space height=&#8221;10px&#8221;]<\/div><\/div><\/div><\/div><\/div><\/section>\n","protected":false},"excerpt":{"rendered":"[vc_empty_space height=\"20px\"][vc_empty_space height=\"8px\"][vc_custom_heading text=\"\u0130\u015fyeri Elektrik &amp; Mekanik Periyodik Kontrolleri hususunda P\u0130NTEST uzman kadrosu ile \u00f6l\u00e7\u00fcm, analiz ve \u00e7ok h\u0131zl\u0131 raporlama hizmeti ile yan\u0131n\u0131zda.\" font_container=\"tag:p|text_align:left\" google_fonts=\"font_family:Open%20Sans%3A300%2C300italic%2Cregular%2Citalic%2C600%2C600italic%2C700%2C700italic%2C800%2C800italic|font_style:300%20light%20italic%3A300%3Aitalic\" css=\".vc_custom_1697119055686{margin-top: -20px !important;}\"][vc_empty_space height=\"10px\"][vc_empty_space height=\"10px\"][vc_custom_heading text=\"Bizi Takip Edin\" font_container=\"tag:h5|text_align:left\" google_fonts=\"font_family:Open%20Sans%3A300%2C300italic%2Cregular%2Citalic%2C600%2C600italic%2C700%2C700italic%2C800%2C800italic|font_style:400%20regular%3A400%3Anormal\"] Facebook Twitter LinkedIn Instagram [vc_empty_space height=\"10px\"][vc_empty_space height=\"20px\"]mailinfo@pintest.com.tr[vc_empty_space height=\"5px\"]phone0212 945 88 45[vc_empty_space height=\"5px\"]smartphone0505 745 88 45[vc_empty_space height=\"5px\"]print0212 945 88 45[vc_empty_space height=\"15px\"][vc_empty_space...","protected":false},"author":4,"featured_media":0,"parent":0,"menu_order":0,"comment_status":"closed","ping_status":"closed","template":"","meta":{"om_disable_all_campaigns":false,"_monsterinsights_skip_tracking":false,"_monsterinsights_sitenote_active":false,"_monsterinsights_sitenote_note":"","_monsterinsights_sitenote_category":0,"_uf_show_specific_survey":0,"_uf_disable_surveys":false,"footnotes":""},"aioseo_notices":[],"yoast_head":"<!-- This site is optimized with the Yoast SEO plugin v21.3 - https:\/\/yoast.com\/wordpress\/plugins\/seo\/ -->\n<title>Tesisatlar\u0131n Periyodik Kontrol\u00fc - Pintest - Uygunluk De\u011ferlendirme Kurulu\u015fu<\/title>\n<meta name=\"robots\" content=\"index, follow, max-snippet:-1, max-image-preview:large, max-video-preview:-1\" \/>\n<link rel=\"canonical\" href=\"https:\/\/pintest.info.tr\/?page_id=22809\" \/>\n<meta property=\"og:locale\" content=\"tr_TR\" \/>\n<meta property=\"og:type\" content=\"article\" \/>\n<meta property=\"og:title\" content=\"Tesisatlar\u0131n Periyodik Kontrol\u00fc - Pintest - Uygunluk De\u011ferlendirme Kurulu\u015fu\" \/>\n<meta property=\"og:url\" content=\"https:\/\/pintest.info.tr\/?page_id=22809\" \/>\n<meta property=\"og:site_name\" content=\"Pintest - Uygunluk De\u011ferlendirme Kurulu\u015fu\" \/>\n<meta property=\"article:modified_time\" content=\"2023-10-12T16:00:12+00:00\" \/>\n<meta name=\"twitter:card\" content=\"summary_large_image\" \/>\n<meta name=\"twitter:label1\" content=\"Tahmini okuma s\u00fcresi\" \/>\n\t<meta name=\"twitter:data1\" content=\"1 dakika\" \/>\n<script type=\"application\/ld+json\" class=\"yoast-schema-graph\">{\"@context\":\"https:\/\/schema.org\",\"@graph\":[{\"@type\":\"WebPage\",\"@id\":\"https:\/\/pintest.info.tr\/?page_id=22809\",\"url\":\"https:\/\/pintest.info.tr\/?page_id=22809\",\"name\":\"Tesisatlar\u0131n Periyodik Kontrol\u00fc - Pintest - Uygunluk De\u011ferlendirme Kurulu\u015fu\",\"isPartOf\":{\"@id\":\"https:\/\/pintest.info.tr\/#website\"},\"datePublished\":\"2017-05-22T15:57:56+00:00\",\"dateModified\":\"2023-10-12T16:00:12+00:00\",\"inLanguage\":\"tr\",\"potentialAction\":[{\"@type\":\"ReadAction\",\"target\":[\"https:\/\/pintest.info.tr\/?page_id=22809\"]}]},{\"@type\":\"WebSite\",\"@id\":\"https:\/\/pintest.info.tr\/#website\",\"url\":\"https:\/\/pintest.info.tr\/\",\"name\":\"Pintest - Uygunluk De\u011ferlendirme Kurulu\u015fu\",\"description\":\"Periyodik Kontrol &amp; Ortam \u00d6l\u00e7\u00fcmleri\",\"potentialAction\":[{\"@type\":\"SearchAction\",\"target\":{\"@type\":\"EntryPoint\",\"urlTemplate\":\"https:\/\/pintest.info.tr\/?s={search_term_string}\"},\"query-input\":\"required name=search_term_string\"}],\"inLanguage\":\"tr\"}]}<\/script>\n<!-- \/ Yoast SEO plugin. -->","yoast_head_json":{"title":"Tesisatlar\u0131n Periyodik Kontrol\u00fc - Pintest - Uygunluk De\u011ferlendirme Kurulu\u015fu","robots":{"index":"index","follow":"follow","max-snippet":"max-snippet:-1","max-image-preview":"max-image-preview:large","max-video-preview":"max-video-preview:-1"},"canonical":"https:\/\/pintest.info.tr\/?page_id=22809","og_locale":"tr_TR","og_type":"article","og_title":"Tesisatlar\u0131n Periyodik Kontrol\u00fc - Pintest - Uygunluk De\u011ferlendirme Kurulu\u015fu","og_url":"https:\/\/pintest.info.tr\/?page_id=22809","og_site_name":"Pintest - Uygunluk De\u011ferlendirme Kurulu\u015fu","article_modified_time":"2023-10-12T16:00:12+00:00","twitter_card":"summary_large_image","twitter_misc":{"Tahmini okuma s\u00fcresi":"1 dakika"},"schema":{"@context":"https:\/\/schema.org","@graph":[{"@type":"WebPage","@id":"https:\/\/pintest.info.tr\/?page_id=22809","url":"https:\/\/pintest.info.tr\/?page_id=22809","name":"Tesisatlar\u0131n Periyodik Kontrol\u00fc - Pintest - Uygunluk De\u011ferlendirme Kurulu\u015fu","isPartOf":{"@id":"https:\/\/pintest.info.tr\/#website"},"datePublished":"2017-05-22T15:57:56+00:00","dateModified":"2023-10-12T16:00:12+00:00","inLanguage":"tr","potentialAction":[{"@type":"ReadAction","target":["https:\/\/pintest.info.tr\/?page_id=22809"]}]},{"@type":"WebSite","@id":"https:\/\/pintest.info.tr\/#website","url":"https:\/\/pintest.info.tr\/","name":"Pintest - Uygunluk De\u011ferlendirme Kurulu\u015fu","description":"Periyodik Kontrol &amp; Ortam \u00d6l\u00e7\u00fcmleri","potentialAction":[{"@type":"SearchAction","target":{"@type":"EntryPoint","urlTemplate":"https:\/\/pintest.info.tr\/?s={search_term_string}"},"query-input":"required name=search_term_string"}],"inLanguage":"tr"}]}},"_links":{"self":[{"href":"https:\/\/pintest.info.tr\/index.php?rest_route=\/wp\/v2\/pages\/22809"}],"collection":[{"href":"https:\/\/pintest.info.tr\/index.php?rest_route=\/wp\/v2\/pages"}],"about":[{"href":"https:\/\/pintest.info.tr\/index.php?rest_route=\/wp\/v2\/types\/page"}],"author":[{"embeddable":true,"href":"https:\/\/pintest.info.tr\/index.php?rest_route=\/wp\/v2\/users\/4"}],"replies":[{"embeddable":true,"href":"https:\/\/pintest.info.tr\/index.php?rest_route=%2Fwp%2Fv2%2Fcomments&post=22809"}],"version-history":[{"count":1,"href":"https:\/\/pintest.info.tr\/index.php?rest_route=\/wp\/v2\/pages\/22809\/revisions"}],"predecessor-version":[{"id":25298,"href":"https:\/\/pintest.info.tr\/index.php?rest_route=\/wp\/v2\/pages\/22809\/revisions\/25298"}],"wp:attachment":[{"href":"https:\/\/pintest.info.tr\/index.php?rest_route=%2Fwp%2Fv2%2Fmedia&parent=22809"}],"curies":[{"name":"wp","href":"https:\/\/api.w.org\/{rel}","templated":true}]}}