{"id":22815,"date":"2017-05-22T18:59:03","date_gmt":"2017-05-22T15:59:03","guid":{"rendered":"https:\/\/pintest.info.tr?page_id=22815"},"modified":"2023-10-12T19:00:18","modified_gmt":"2023-10-12T16:00:18","slug":"yapi-iskeleleri-muhendislik-hizmetleri","status":"publish","type":"page","link":"https:\/\/pintest.info.tr\/?page_id=22815","title":{"rendered":"Yap\u0131 \u0130skeleleri M\u00fchendislik Hizmetleri"},"content":{"rendered":"<section class=\"l-section wpb_row height_auto\" style=\"margin-top: -100px !important;\"><div class=\"l-section-h i-cf\"><div class=\"g-cols type_default valign_top\"><div class=\"vc_col-sm-12 wpb_column vc_column_container\"><div class=\"vc_column-inner\"><div class=\"wpb_wrapper\">[vc_empty_space height=&#8221;100px&#8221;][vc_custom_heading text=&#8221;YAPI \u0130SKELELER\u0130 M\u00dcHEND\u0130SL\u0130K H\u0130ZMETLER\u0130&#8221; font_container=&#8221;tag:h2|text_align:left|color:%23134486&#8243; google_fonts=&#8221;font_family:Anton%3Aregular|font_style:400%20regular%3A400%3Anormal&#8221;]<\/div><\/div><\/div><\/div><\/div><\/section><section class=\"l-section wpb_row height_auto\"><div class=\"l-section-h i-cf\"><div class=\"g-cols type_default valign_top\"><div class=\"vc_col-sm-12 wpb_column vc_column_container\"><div class=\"vc_column-inner\"><div class=\"wpb_wrapper\">[vc_empty_space height=&#8221;20px&#8221;]\n\t<div class=\"wpb_text_column \">\n\t\t<div class=\"wpb_wrapper\">\n\t\t\t<h6><span style=\"color: white;\">\u0130\u015f Ekipmanlar\u0131n\u0131n<\/span><span style=\"color: white;\"> Kullan\u0131m\u0131nda Sa\u011fl\u0131k ve G\u00fcvenlik \u015eartlar\u0131 Y\u00f6netmeli\u011fince, aksi belirtilmedi\u011fi taktirde Yap\u0131 \u0130skeleleri kontrolleri 6 Ayda bir zorunludur. EN 12811 Standartlar\u0131nda belirtilen kriterlere uygun olarak, yap\u0131 iskelesi periyodik kontrolleri yap\u0131l\u0131r.<br \/>\n<\/span><\/h6>\n\n\t\t<\/div>\n\t<\/div>\n[vc_empty_space height=&#8221;5px&#8221;]<\/div><\/div><\/div><\/div><\/div><\/section><!-- Row Backgrounds --><div class=\"upb_color\" data-bg-override=\"0\" data-bg-color=\"#3b4655\" data-fadeout=\"\" data-fadeout-percentage=\"30\" data-parallax-content=\"\" data-parallax-content-sense=\"30\" data-row-effect-mobile-disable=\"true\" data-img-parallax-mobile-disable=\"true\" data-rtl=\"false\"  data-custom-vc-row=\"\"  data-vc=\"5.1.1\"  data-is_old_vc=\"\"  data-theme-support=\"\"   data-overlay=\"false\" data-overlay-color=\"\" data-overlay-pattern=\"\" data-overlay-pattern-opacity=\"\" data-overlay-pattern-size=\"\"    ><\/div><section class=\"l-section wpb_row height_auto\"><div class=\"l-section-h i-cf\"><div class=\"g-cols type_default valign_top\"><div class=\"vc_col-sm-12 wpb_column vc_column_container\"><div class=\"vc_column-inner\"><div class=\"wpb_wrapper\">\n\t<div class=\"wpb_text_column \">\n\t\t<div class=\"wpb_wrapper\">\n\t\t\t<p>Kullan\u0131lan iskelenin sa\u011flaml\u0131k ve dayan\u0131kl\u0131l\u0131k hesab\u0131 mevcut de\u011filse veya var olan hesaplar se\u00e7ilen iskele tipinde tasarlanan yap\u0131sal de\u011fi\u015fikliklere uygun de\u011filse veya iskelenin genel olarak al\u0131\u015f\u0131lm\u0131\u015f standart konfig\u00fcrasyonlara uygun yap\u0131da imal edilmemi\u015f oldu\u011fu durumlarda bunlar\u0131n sa\u011flaml\u0131k ve dayan\u0131kl\u0131l\u0131k hesaplar\u0131 ile iskelelerin kurma, kullanma ve s\u00f6kme plan\u0131 haz\u0131rlan\u0131r.<\/p>\n<p><strong>P\u0130NTEST<\/strong> olarak 6331 say\u0131l\u0131 kanun \u00e7er\u00e7evesinde in\u015faat m\u00fchendislerimizce ger\u00e7ekle\u015ftirilen periyodik kontroller neticesinde, d\u00fczenlenen raporlar, i\u015f m\u00fcfetti\u015fleri ve di\u011fer denetleyici makamlar taraf\u0131ndan kabul edilmektedir.<\/p>\n<p><strong>\u0130SKELE M\u00dcHEND\u0130SL\u0130K H\u0130ZMETLER\u0130M\u0130Z;<\/strong><\/p>\n<ul>\n<li>Cephe \u0130skeleleri Periyodik Kontrol\u00fc<\/li>\n<li>Seyyar \u0130skele Periyodik Kontrol\u00fc<\/li>\n<li>Kal\u0131p \u0130skeleleri Periyodik Kontrol\u00fc<\/li>\n<li>Ah\u015fap \u0130skele Periyodik Kontrol\u00fc<\/li>\n<li>\u0130skele Kurma, Kullanma ve S\u00f6kme Plan\u0131n\u0131n Haz\u0131rlanmas\u0131<\/li>\n<li>\u0130skele Sa\u011flaml\u0131k ve Dayan\u0131kl\u0131l\u0131k Hesab\u0131n\u0131n yap\u0131lmas\u0131\/Statik hesaplar<\/li>\n<\/ul>\n\n\t\t<\/div>\n\t<\/div>\n[vc_empty_space height=&#8221;10px&#8221;]<\/div><\/div><\/div><\/div><\/div><\/section>\n","protected":false},"excerpt":{"rendered":"[vc_empty_space height=\"20px\"][vc_empty_space height=\"8px\"][vc_custom_heading text=\"\u0130\u015fyeri Elektrik &amp; Mekanik Periyodik Kontrolleri hususunda P\u0130NTEST uzman kadrosu ile \u00f6l\u00e7\u00fcm, analiz ve \u00e7ok h\u0131zl\u0131 raporlama hizmeti ile yan\u0131n\u0131zda.\" font_container=\"tag:p|text_align:left\" google_fonts=\"font_family:Open%20Sans%3A300%2C300italic%2Cregular%2Citalic%2C600%2C600italic%2C700%2C700italic%2C800%2C800italic|font_style:300%20light%20italic%3A300%3Aitalic\" css=\".vc_custom_1697119055686{margin-top: -20px !important;}\"][vc_empty_space height=\"10px\"][vc_empty_space height=\"10px\"][vc_custom_heading text=\"Bizi Takip Edin\" font_container=\"tag:h5|text_align:left\" google_fonts=\"font_family:Open%20Sans%3A300%2C300italic%2Cregular%2Citalic%2C600%2C600italic%2C700%2C700italic%2C800%2C800italic|font_style:400%20regular%3A400%3Anormal\"] Facebook Twitter LinkedIn Instagram [vc_empty_space height=\"10px\"][vc_empty_space height=\"20px\"]mailinfo@pintest.com.tr[vc_empty_space height=\"5px\"]phone0212 945 88 45[vc_empty_space height=\"5px\"]smartphone0505 745 88 45[vc_empty_space height=\"5px\"]print0212 945 88 45[vc_empty_space height=\"15px\"][vc_empty_space...","protected":false},"author":4,"featured_media":0,"parent":0,"menu_order":0,"comment_status":"closed","ping_status":"closed","template":"","meta":{"om_disable_all_campaigns":false,"_monsterinsights_skip_tracking":false,"_monsterinsights_sitenote_active":false,"_monsterinsights_sitenote_note":"","_monsterinsights_sitenote_category":0,"_uf_show_specific_survey":0,"_uf_disable_surveys":false,"footnotes":""},"aioseo_notices":[],"yoast_head":"<!-- This site is optimized with the Yoast SEO plugin v21.3 - https:\/\/yoast.com\/wordpress\/plugins\/seo\/ -->\n<title>Yap\u0131 \u0130skeleleri M\u00fchendislik Hizmetleri - Pintest - Uygunluk De\u011ferlendirme Kurulu\u015fu<\/title>\n<meta name=\"robots\" content=\"index, follow, max-snippet:-1, max-image-preview:large, max-video-preview:-1\" \/>\n<link rel=\"canonical\" href=\"https:\/\/pintest.info.tr\/?page_id=22815\" \/>\n<meta property=\"og:locale\" content=\"tr_TR\" \/>\n<meta property=\"og:type\" content=\"article\" \/>\n<meta property=\"og:title\" content=\"Yap\u0131 \u0130skeleleri M\u00fchendislik Hizmetleri - Pintest - Uygunluk De\u011ferlendirme Kurulu\u015fu\" \/>\n<meta property=\"og:url\" content=\"https:\/\/pintest.info.tr\/?page_id=22815\" \/>\n<meta property=\"og:site_name\" content=\"Pintest - Uygunluk De\u011ferlendirme Kurulu\u015fu\" \/>\n<meta property=\"article:modified_time\" content=\"2023-10-12T16:00:18+00:00\" \/>\n<meta name=\"twitter:card\" content=\"summary_large_image\" \/>\n<meta name=\"twitter:label1\" content=\"Tahmini okuma s\u00fcresi\" \/>\n\t<meta name=\"twitter:data1\" content=\"1 dakika\" \/>\n<script type=\"application\/ld+json\" class=\"yoast-schema-graph\">{\"@context\":\"https:\/\/schema.org\",\"@graph\":[{\"@type\":\"WebPage\",\"@id\":\"https:\/\/pintest.info.tr\/?page_id=22815\",\"url\":\"https:\/\/pintest.info.tr\/?page_id=22815\",\"name\":\"Yap\u0131 \u0130skeleleri M\u00fchendislik Hizmetleri - Pintest - Uygunluk De\u011ferlendirme Kurulu\u015fu\",\"isPartOf\":{\"@id\":\"https:\/\/pintest.info.tr\/#website\"},\"datePublished\":\"2017-05-22T15:59:03+00:00\",\"dateModified\":\"2023-10-12T16:00:18+00:00\",\"inLanguage\":\"tr\",\"potentialAction\":[{\"@type\":\"ReadAction\",\"target\":[\"https:\/\/pintest.info.tr\/?page_id=22815\"]}]},{\"@type\":\"WebSite\",\"@id\":\"https:\/\/pintest.info.tr\/#website\",\"url\":\"https:\/\/pintest.info.tr\/\",\"name\":\"Pintest - Uygunluk De\u011ferlendirme Kurulu\u015fu\",\"description\":\"Periyodik Kontrol &amp; Ortam \u00d6l\u00e7\u00fcmleri\",\"potentialAction\":[{\"@type\":\"SearchAction\",\"target\":{\"@type\":\"EntryPoint\",\"urlTemplate\":\"https:\/\/pintest.info.tr\/?s={search_term_string}\"},\"query-input\":\"required name=search_term_string\"}],\"inLanguage\":\"tr\"}]}<\/script>\n<!-- \/ Yoast SEO plugin. -->","yoast_head_json":{"title":"Yap\u0131 \u0130skeleleri M\u00fchendislik Hizmetleri - Pintest - Uygunluk De\u011ferlendirme Kurulu\u015fu","robots":{"index":"index","follow":"follow","max-snippet":"max-snippet:-1","max-image-preview":"max-image-preview:large","max-video-preview":"max-video-preview:-1"},"canonical":"https:\/\/pintest.info.tr\/?page_id=22815","og_locale":"tr_TR","og_type":"article","og_title":"Yap\u0131 \u0130skeleleri M\u00fchendislik Hizmetleri - Pintest - Uygunluk De\u011ferlendirme Kurulu\u015fu","og_url":"https:\/\/pintest.info.tr\/?page_id=22815","og_site_name":"Pintest - Uygunluk De\u011ferlendirme Kurulu\u015fu","article_modified_time":"2023-10-12T16:00:18+00:00","twitter_card":"summary_large_image","twitter_misc":{"Tahmini okuma s\u00fcresi":"1 dakika"},"schema":{"@context":"https:\/\/schema.org","@graph":[{"@type":"WebPage","@id":"https:\/\/pintest.info.tr\/?page_id=22815","url":"https:\/\/pintest.info.tr\/?page_id=22815","name":"Yap\u0131 \u0130skeleleri M\u00fchendislik Hizmetleri - Pintest - Uygunluk De\u011ferlendirme Kurulu\u015fu","isPartOf":{"@id":"https:\/\/pintest.info.tr\/#website"},"datePublished":"2017-05-22T15:59:03+00:00","dateModified":"2023-10-12T16:00:18+00:00","inLanguage":"tr","potentialAction":[{"@type":"ReadAction","target":["https:\/\/pintest.info.tr\/?page_id=22815"]}]},{"@type":"WebSite","@id":"https:\/\/pintest.info.tr\/#website","url":"https:\/\/pintest.info.tr\/","name":"Pintest - Uygunluk De\u011ferlendirme Kurulu\u015fu","description":"Periyodik Kontrol &amp; Ortam \u00d6l\u00e7\u00fcmleri","potentialAction":[{"@type":"SearchAction","target":{"@type":"EntryPoint","urlTemplate":"https:\/\/pintest.info.tr\/?s={search_term_string}"},"query-input":"required name=search_term_string"}],"inLanguage":"tr"}]}},"_links":{"self":[{"href":"https:\/\/pintest.info.tr\/index.php?rest_route=\/wp\/v2\/pages\/22815"}],"collection":[{"href":"https:\/\/pintest.info.tr\/index.php?rest_route=\/wp\/v2\/pages"}],"about":[{"href":"https:\/\/pintest.info.tr\/index.php?rest_route=\/wp\/v2\/types\/page"}],"author":[{"embeddable":true,"href":"https:\/\/pintest.info.tr\/index.php?rest_route=\/wp\/v2\/users\/4"}],"replies":[{"embeddable":true,"href":"https:\/\/pintest.info.tr\/index.php?rest_route=%2Fwp%2Fv2%2Fcomments&post=22815"}],"version-history":[{"count":1,"href":"https:\/\/pintest.info.tr\/index.php?rest_route=\/wp\/v2\/pages\/22815\/revisions"}],"predecessor-version":[{"id":25301,"href":"https:\/\/pintest.info.tr\/index.php?rest_route=\/wp\/v2\/pages\/22815\/revisions\/25301"}],"wp:attachment":[{"href":"https:\/\/pintest.info.tr\/index.php?rest_route=%2Fwp%2Fv2%2Fmedia&parent=22815"}],"curies":[{"name":"wp","href":"https:\/\/api.w.org\/{rel}","templated":true}]}}