{"id":23298,"date":"2017-10-10T22:51:25","date_gmt":"2017-10-10T19:51:25","guid":{"rendered":"https:\/\/pintest.info.tr\/?page_id=23298"},"modified":"2020-04-30T14:53:20","modified_gmt":"2020-04-30T11:53:20","slug":"termal-konfor-olcumu","status":"publish","type":"page","link":"https:\/\/pintest.info.tr\/?page_id=23298","title":{"rendered":"TERMAL KONFOR \u00d6L\u00c7\u00dcM\u00dc"},"content":{"rendered":"<section class=\"l-section wpb_row height_auto\" style=\"margin-top: -100px !important;\"><div class=\"l-section-h i-cf\"><div class=\"g-cols type_default valign_top\"><div class=\"vc_col-sm-12 wpb_column vc_column_container\"><div class=\"vc_column-inner\"><div class=\"wpb_wrapper\">[vc_empty_space height=&#8221;100&#8243;][vc_custom_heading text=&#8221;TERMAL KONFOR \u00d6L\u00c7\u00dcM\u00dc&#8221; google_fonts=&#8221;font_family:Anton%3Aregular|font_style:400%20regular%3A400%3Anormal&#8221;]<\/div><\/div><\/div><\/div><\/div><\/section><section class=\"l-section wpb_row height_auto\" style=\"padding-top: -50px !important;padding-bottom: -50px !important;\"><div class=\"l-section-h i-cf\"><div class=\"g-cols type_default valign_middle\"><div class=\"vc_col-sm-12 wpb_column vc_column_container\"><div class=\"vc_column-inner\"><div class=\"wpb_wrapper\">[vc_empty_space height=&#8221;10px&#8221;]\n\t<div class=\"wpb_text_column \">\n\t\t<div class=\"wpb_wrapper\">\n\t\t\t<p>Termal konfor \u00f6l\u00e7\u00fcm\u00fc; end\u00fcstri alanlar\u0131nda ve personel \u00e7al\u0131\u015fmas\u0131na dayal\u0131 her t\u00fcrl\u00fc i\u015fyerlerinde ideal s\u0131cakl\u0131k ve nem ko\u015fullar\u0131n\u0131 g\u00f6steren \u00f6nemli parametrelerden biridir. Konfor, Ki\u015finin bulundu\u011fu ortamda rahatl\u0131k hissi duymas\u0131d\u0131r. \u0130klim konforu ise havan\u0131n \u00e7ok so\u011fuk ya da s\u0131cak olmamas\u0131, nem oran\u0131 ve hava ak\u0131m\u0131n\u0131n rahats\u0131z edici boyutlarda olmamas\u0131 durumunu ifade etmektedir.<\/p>\n\n\t\t<\/div>\n\t<\/div>\n<\/div><\/div><\/div><\/div><\/div><\/section><!-- Row Backgrounds --><div class=\"upb_color\" data-bg-override=\"0\" data-bg-color=\"#efefef\" data-fadeout=\"\" data-fadeout-percentage=\"30\" data-parallax-content=\"\" data-parallax-content-sense=\"30\" data-row-effect-mobile-disable=\"true\" data-img-parallax-mobile-disable=\"true\" data-rtl=\"false\"  data-custom-vc-row=\"\"  data-vc=\"5.1.1\"  data-is_old_vc=\"\"  data-theme-support=\"\"   data-overlay=\"false\" data-overlay-color=\"\" data-overlay-pattern=\"\" data-overlay-pattern-opacity=\"\" data-overlay-pattern-size=\"\"    ><\/div><section class=\"l-section wpb_row height_auto\" style=\"margin-top: 0px !important;\"><div class=\"l-section-h i-cf\"><div class=\"g-cols type_default valign_top\"><div class=\"vc_col-sm-12 wpb_column vc_column_container\"><div class=\"vc_column-inner\"><div class=\"wpb_wrapper\">[vc_empty_space height=&#8221;20px&#8221;]\n\t<div class=\"wpb_text_column \">\n\t\t<div class=\"wpb_wrapper\">\n\t\t\t<p><strong>Termal Konfor B\u00f6lgesi;<\/strong>\u00a0\u00c7al\u0131\u015fan\u0131n,<strong>\u00a0faaliyetini s\u00fcrd\u00fcrmesi esnas\u0131nda en rahat durumda olabilmek<\/strong>\u00a0i\u00e7in gerekli termal konfor \u015fartlar\u0131n\u0131n sa\u011fland\u0131\u011f\u0131 b\u00f6lgedir. Bu b\u00f6lgeyi etkileyen fakt\u00f6rler \u015f\u00f6yle s\u0131ralanabilir:<\/p>\n<ul>\n<li>Ortam S\u0131cakl\u0131\u011f\u0131<\/li>\n<li>Ortamdaki Nem D\u00fczeyi<\/li>\n<li>Hava Ak\u0131m\u0131<\/li>\n<li>Radyant Is\u0131<\/li>\n<li>Ki\u015finin Giyinmesi<\/li>\n<li>Ki\u015finin Metabolizma D\u00fczeyleri<\/li>\n<\/ul>\n<p><strong>S\u0131cak ORTAM<\/strong><\/p>\n<ul>\n<li>A\u015f\u0131r\u0131 uyku hali + Yorgunluk<\/li>\n<li>V\u00fccut S\u0131cakl\u0131\u011f\u0131 41 dereceye y\u00fckselirse \u0131s\u0131 \u00e7arpmas\u0131<\/li>\n<li>Tansiyon d\u00fc\u015fmesi ve ba\u015f d\u00f6nmesi<\/li>\n<li>V\u00fccut direncinin d\u00fc\u015fmesi<\/li>\n<li>A\u015f\u0131r\u0131 terleme ve tuz kayb\u0131yla olu\u015fan \u0131s\u0131 kramplar\u0131<\/li>\n<li>\u00c7al\u0131\u015fma veriminin d\u00fc\u015fmesi<\/li>\n<li>Ka\u015f\u0131nt\u0131ya yol a\u00e7an k\u0131rm\u0131z\u0131 lekelerin olu\u015fmas\u0131<\/li>\n<li>Moral bozuklu\u011fu<\/li>\n<li>A\u015f\u0131r\u0131 duyarl\u0131l\u0131k ve endi\u015fe<\/li>\n<li>Konsantrasyon bozukluklar\u0131<\/li>\n<\/ul>\n<p><strong>So\u011fuk ORTAM<\/strong><\/p>\n<ul>\n<li>Dikkat da\u011f\u0131lmas\u0131 + bedensel ve zihinsel verimin d\u00fc\u015fmesi<\/li>\n<li>Deri so\u011fur<\/li>\n<li>Kan i\u00e7 organlara do\u011fru \u00e7ekilir<\/li>\n<li>V\u00fccut i\u00e7 \u0131s\u0131s\u0131 y\u00fckselir<\/li>\n<li>Hafif \u00fcrperme ve titreme<\/li>\n<li>Beslenme ve enerji gereksinimi artar<\/li>\n<\/ul>\n<p><strong>Hava Ak\u0131m\u0131:<\/strong><\/p>\n<p>Hareket halindeki havan\u0131n insan bedenine \u00e7arpmas\u0131 sonucu deride meydana getirdi\u011fi \u0131s\u0131 de\u011fi\u015fikli\u011fi olarak alg\u0131lan\u0131r. Gere\u011finden az ya da \u00e7ok olmas\u0131 sak\u0131ncal\u0131d\u0131r.<\/p>\n<p>\u00c7al\u0131\u015fma ortam\u0131nda \u0131s\u0131sal rahatl\u0131\u011f\u0131n sa\u011flanmas\u0131 ve sa\u011fl\u0131\u011fa zararl\u0131 olan su buhar\u0131, gaz ve tozlar\u0131n ortamdan at\u0131lmas\u0131 i\u00e7in uygun bir hava ak\u0131m\u0131 sa\u011flanmal\u0131d\u0131r.<\/p>\n<p><strong>Radyant Is\u0131:<\/strong><\/p>\n<ul>\n<li>\u0130\u015f ortamlar\u0131ndaki s\u0131cak veya so\u011fuk y\u00fczeylerden \u00e7al\u0131\u015fanlara veya \u00e7al\u0131\u015fanlardan bu y\u00fczeylere \u0131s\u0131 yay\u0131l\u0131m\u0131d\u0131r. Bu \u0131s\u0131 hava ak\u0131mlar\u0131ndan etkilenmez ancak yutulabilece\u011fi bir y\u00fczeye \u00e7arpt\u0131\u011f\u0131nda s\u0131cakl\u0131k meydana getirir.<\/li>\n<li>Radyant \u0131s\u0131dan korunmak i\u00e7in tek yol, \u00e7al\u0131\u015fanlarla bu y\u00fczeyler aras\u0131na, yans\u0131tma katsay\u0131lar\u0131 y\u00fcksek malzemelerden (\u00f6rne\u011fin, al\u00fcminyum) yap\u0131lm\u0131\u015f levhalar konulmas\u0131d\u0131r.<\/li>\n<\/ul>\n<p><strong>Ba\u011f\u0131l Nem:<\/strong><\/p>\n<ul>\n<li>Ba\u011f\u0131l veya r\u00f6latif nemlilik, mevcut ortam \u0131s\u0131s\u0131 ko\u015fullar\u0131nda, i\u015fyeri havas\u0131n\u0131 doymu\u015fluk d\u00fczeyine kadar getirecek su buhar\u0131 de\u011ferine (%100 nemli) g\u00f6re y\u00fczde oran\u0131 \u015feklinde ifade edilebilir.<\/li>\n<li>Havadaki ba\u011f\u0131l nem, higrometre ya da say\u0131sal nem \u00f6l\u00e7erlerle \u00f6l\u00e7\u00fcl\u00fcr.<\/li>\n<li>Nem y\u00fczeyi y\u00fcksek olan \u00e7al\u0131\u015fma ortamlar\u0131n\u0131 klima, ve vantilat\u00f6r kullan\u0131larak; nem y\u00fczeyi d\u00fc\u015f\u00fck olan ortamlar\u0131 da klimalarla daha uygun hale getirmek m\u00fcmk\u00fcnd\u00fcr.<\/li>\n<\/ul>\n<p><strong>Konfor<\/strong><\/p>\n<ul>\n<li>Ki\u015finin bulundu\u011fu ortamda rahatl\u0131k hissi duymas\u0131d\u0131r. \u0130klim konforu ise havan\u0131n \u00e7ok so\u011fuk ya da s\u0131cak olmamas\u0131, nem oran\u0131 ve hava ak\u0131m\u0131n\u0131n rahats\u0131z edici boyutlarda olmamas\u0131 durumunu ifade etmektedir.<\/li>\n<li>Konforu sa\u011flamak i\u00e7in ilk ad\u0131m i\u015f yerinin in\u015faas\u0131nda at\u0131lmal\u0131 ve ek bir maliyet yaratsa da gerekli konforu sa\u011flayabilecek yal\u0131t\u0131m malzemeleri kullan\u0131lmal\u0131d\u0131r.<\/li>\n<li>Vantilat\u00f6rler (yapay havaland\u0131rma arac\u0131) uygun yerle\u015ftirildiklerinde iyi bir hava ak\u0131m\u0131 sa\u011flayarak, terin buharla\u015fmas\u0131na ve serinlik duygusu hissedilmesine yard\u0131m ederler. E\u011fer \u0131s\u0131 buna ra\u011fmen d\u00fc\u015fm\u00fcyor ise klima kullan\u0131labilir.<\/li>\n<li>Is\u0131nan hava y\u00fckseldi\u011fi i\u00e7in \u00e7at\u0131da bu havay\u0131 atacak delikler bulunmal\u0131d\u0131r. Ayr\u0131ca temiz hava giri\u015fini sa\u011flayacak kap\u0131 ve pencerelerin bulunmas\u0131 \u015fartt\u0131r.<\/li>\n<li>\u0130\u015fyerinin t\u00fcm\u00fcn\u00fc havaland\u0131rmak \u00e7ok maliyetli ve zor oluyorsa, sadece tezgahlar\u0131n bulundu\u011fu b\u00f6l\u00fcm havaland\u0131r\u0131labilir.<\/li>\n<li>\u00c7al\u0131\u015fan ki\u015filerin \u00e7al\u0131\u015fma ortam\u0131na uyumlar\u0131n\u0131n sa\u011flanmas\u0131<\/li>\n<li>Yap\u0131lan i\u015fe g\u00f6re, uygun \u00e7al\u0131\u015fma s\u00fcrelerinin ve dinlenme aralar\u0131n\u0131n saptanmas\u0131<\/li>\n<li>\u0130\u015fin, daha az enerji harcanarak yap\u0131labilecek \u015fekle getirilmesi<\/li>\n<li>\u00d6zellikle, y\u00fcksek s\u0131cakl\u0131kta \u00e7al\u0131\u015fanlar\u0131n, su ve tuz kay\u0131plar\u0131n\u0131 telafi etmek i\u00e7in, s\u0131v\u0131 i\u00e7ecek ve tuzlu g\u0131dalar\u0131n verilmesi<\/li>\n<li>\u00c7al\u0131\u015fanlara, \u00e7al\u0131\u015fma ko\u015fullar\u0131na uygun giysi temini<\/li>\n<\/ul>\n<p><strong>Havaland\u0131rma konusunda al\u0131nabilecek \u00f6nlemler<\/strong><\/p>\n<ul>\n<li>Vantilat\u00f6rler (yapay havaland\u0131rma arac\u0131) uygun yerle\u015ftirildiklerinde iyi bir hava ak\u0131m\u0131 sa\u011flayarak, terin buharla\u015fmas\u0131na ve serinlik duygusu hissedilmesine yard\u0131m ederler. E\u011fer \u0131s\u0131 buna ra\u011fmen d\u00fc\u015fm\u00fcyor ise klima kullan\u0131labilir.<\/li>\n<li>Is\u0131nan hava y\u00fckseldi\u011fi i\u00e7in \u00e7at\u0131da bu havay\u0131 atacak delikler bulunmal\u0131d\u0131r. Ayr\u0131ca temiz hava giri\u015fini sa\u011flayacak kap\u0131 ve pencerelerin bulunmas\u0131 \u015fartt\u0131r.<\/li>\n<li>\u0130\u015fyerinin t\u00fcm\u00fcn\u00fc havaland\u0131rmak \u00e7ok maliyetli ve zor oluyorsa, sadece tezgahlar\u0131n bulundu\u011fu b\u00f6l\u00fcm havaland\u0131r\u0131labilir.<\/li>\n<\/ul>\n<p><strong>\u0130\u015f\u00e7ilere Y\u00f6nelik \u00d6nlemler<\/strong><\/p>\n<ul>\n<li>\u00c7al\u0131\u015fan ki\u015filerin \u00e7al\u0131\u015fma ortam\u0131na uyumlar\u0131n\u0131n sa\u011flanmas\u0131<\/li>\n<li>Yap\u0131lan i\u015fe g\u00f6re, uygun \u00e7al\u0131\u015fma s\u00fcrelerinin ve dinlenme aralar\u0131n\u0131n saptanmas\u0131<\/li>\n<li>\u0130\u015fin, daha az enerji harcanarak yap\u0131labilecek \u015fekle getirilmesi<\/li>\n<li>\u00d6zellikle, y\u00fcksek s\u0131cakl\u0131kta \u00e7al\u0131\u015fanlar\u0131n, su ve tuz kay\u0131plar\u0131n\u0131 telafi etmek i\u00e7in, s\u0131v\u0131 i\u00e7ecek ve tuzlu g\u0131dalar\u0131n verilmesi<\/li>\n<li>\u00c7al\u0131\u015fanlara, \u00e7al\u0131\u015fma ko\u015fullar\u0131na uygun giysi temini<\/li>\n<\/ul>\n\n\t\t<\/div>\n\t<\/div>\n[vc_empty_space height=&#8221;10px&#8221;]<\/div><\/div><\/div><\/div><\/div><\/section>\n","protected":false},"excerpt":{"rendered":"[vc_empty_space height=\"20px\"][vc_empty_space height=\"8px\"][vc_custom_heading text=\"\u0130\u015fyeri Elektrik &amp; Mekanik Periyodik Kontrolleri hususunda P\u0130NTEST uzman kadrosu ile \u00f6l\u00e7\u00fcm, analiz ve \u00e7ok h\u0131zl\u0131 raporlama hizmeti ile yan\u0131n\u0131zda.\" font_container=\"tag:p|text_align:left\" google_fonts=\"font_family:Open%20Sans%3A300%2C300italic%2Cregular%2Citalic%2C600%2C600italic%2C700%2C700italic%2C800%2C800italic|font_style:300%20light%20italic%3A300%3Aitalic\" css=\".vc_custom_1697119055686{margin-top: -20px !important;}\"][vc_empty_space height=\"10px\"][vc_empty_space height=\"10px\"][vc_custom_heading text=\"Bizi Takip Edin\" font_container=\"tag:h5|text_align:left\" google_fonts=\"font_family:Open%20Sans%3A300%2C300italic%2Cregular%2Citalic%2C600%2C600italic%2C700%2C700italic%2C800%2C800italic|font_style:400%20regular%3A400%3Anormal\"] Facebook Twitter LinkedIn Instagram [vc_empty_space height=\"10px\"][vc_empty_space height=\"20px\"]mailinfo@pintest.com.tr[vc_empty_space height=\"5px\"]phone0212 945 88 45[vc_empty_space height=\"5px\"]smartphone0505 745 88 45[vc_empty_space height=\"5px\"]print0212 945 88 45[vc_empty_space height=\"15px\"][vc_empty_space...","protected":false},"author":4,"featured_media":0,"parent":0,"menu_order":0,"comment_status":"closed","ping_status":"closed","template":"","meta":{"om_disable_all_campaigns":false,"_monsterinsights_skip_tracking":false,"_monsterinsights_sitenote_active":false,"_monsterinsights_sitenote_note":"","_monsterinsights_sitenote_category":0,"_uf_show_specific_survey":0,"_uf_disable_surveys":false,"footnotes":""},"aioseo_notices":[],"yoast_head":"<!-- This site is optimized with the Yoast SEO plugin v21.3 - https:\/\/yoast.com\/wordpress\/plugins\/seo\/ -->\n<title>TERMAL KONFOR \u00d6L\u00c7\u00dcM\u00dc - Pintest - Uygunluk De\u011ferlendirme Kurulu\u015fu<\/title>\n<meta name=\"robots\" content=\"index, follow, max-snippet:-1, max-image-preview:large, max-video-preview:-1\" \/>\n<link rel=\"canonical\" href=\"https:\/\/pintest.info.tr\/?page_id=23298\" \/>\n<meta property=\"og:locale\" content=\"tr_TR\" \/>\n<meta property=\"og:type\" content=\"article\" \/>\n<meta property=\"og:title\" content=\"TERMAL KONFOR \u00d6L\u00c7\u00dcM\u00dc - Pintest - Uygunluk De\u011ferlendirme Kurulu\u015fu\" \/>\n<meta property=\"og:url\" content=\"https:\/\/pintest.info.tr\/?page_id=23298\" \/>\n<meta property=\"og:site_name\" content=\"Pintest - Uygunluk De\u011ferlendirme Kurulu\u015fu\" \/>\n<meta property=\"article:modified_time\" content=\"2020-04-30T11:53:20+00:00\" \/>\n<meta name=\"twitter:card\" content=\"summary_large_image\" \/>\n<meta name=\"twitter:label1\" content=\"Tahmini okuma s\u00fcresi\" \/>\n\t<meta name=\"twitter:data1\" content=\"5 dakika\" \/>\n<script type=\"application\/ld+json\" class=\"yoast-schema-graph\">{\"@context\":\"https:\/\/schema.org\",\"@graph\":[{\"@type\":\"WebPage\",\"@id\":\"https:\/\/pintest.info.tr\/?page_id=23298\",\"url\":\"https:\/\/pintest.info.tr\/?page_id=23298\",\"name\":\"TERMAL KONFOR \u00d6L\u00c7\u00dcM\u00dc - Pintest - Uygunluk De\u011ferlendirme Kurulu\u015fu\",\"isPartOf\":{\"@id\":\"https:\/\/pintest.info.tr\/#website\"},\"datePublished\":\"2017-10-10T19:51:25+00:00\",\"dateModified\":\"2020-04-30T11:53:20+00:00\",\"inLanguage\":\"tr\",\"potentialAction\":[{\"@type\":\"ReadAction\",\"target\":[\"https:\/\/pintest.info.tr\/?page_id=23298\"]}]},{\"@type\":\"WebSite\",\"@id\":\"https:\/\/pintest.info.tr\/#website\",\"url\":\"https:\/\/pintest.info.tr\/\",\"name\":\"Pintest - Uygunluk De\u011ferlendirme Kurulu\u015fu\",\"description\":\"Periyodik Kontrol &amp; Ortam \u00d6l\u00e7\u00fcmleri\",\"potentialAction\":[{\"@type\":\"SearchAction\",\"target\":{\"@type\":\"EntryPoint\",\"urlTemplate\":\"https:\/\/pintest.info.tr\/?s={search_term_string}\"},\"query-input\":\"required name=search_term_string\"}],\"inLanguage\":\"tr\"}]}<\/script>\n<!-- \/ Yoast SEO plugin. -->","yoast_head_json":{"title":"TERMAL KONFOR \u00d6L\u00c7\u00dcM\u00dc - Pintest - Uygunluk De\u011ferlendirme Kurulu\u015fu","robots":{"index":"index","follow":"follow","max-snippet":"max-snippet:-1","max-image-preview":"max-image-preview:large","max-video-preview":"max-video-preview:-1"},"canonical":"https:\/\/pintest.info.tr\/?page_id=23298","og_locale":"tr_TR","og_type":"article","og_title":"TERMAL KONFOR \u00d6L\u00c7\u00dcM\u00dc - Pintest - Uygunluk De\u011ferlendirme Kurulu\u015fu","og_url":"https:\/\/pintest.info.tr\/?page_id=23298","og_site_name":"Pintest - Uygunluk De\u011ferlendirme Kurulu\u015fu","article_modified_time":"2020-04-30T11:53:20+00:00","twitter_card":"summary_large_image","twitter_misc":{"Tahmini okuma s\u00fcresi":"5 dakika"},"schema":{"@context":"https:\/\/schema.org","@graph":[{"@type":"WebPage","@id":"https:\/\/pintest.info.tr\/?page_id=23298","url":"https:\/\/pintest.info.tr\/?page_id=23298","name":"TERMAL KONFOR \u00d6L\u00c7\u00dcM\u00dc - Pintest - Uygunluk De\u011ferlendirme Kurulu\u015fu","isPartOf":{"@id":"https:\/\/pintest.info.tr\/#website"},"datePublished":"2017-10-10T19:51:25+00:00","dateModified":"2020-04-30T11:53:20+00:00","inLanguage":"tr","potentialAction":[{"@type":"ReadAction","target":["https:\/\/pintest.info.tr\/?page_id=23298"]}]},{"@type":"WebSite","@id":"https:\/\/pintest.info.tr\/#website","url":"https:\/\/pintest.info.tr\/","name":"Pintest - Uygunluk De\u011ferlendirme Kurulu\u015fu","description":"Periyodik Kontrol &amp; Ortam \u00d6l\u00e7\u00fcmleri","potentialAction":[{"@type":"SearchAction","target":{"@type":"EntryPoint","urlTemplate":"https:\/\/pintest.info.tr\/?s={search_term_string}"},"query-input":"required name=search_term_string"}],"inLanguage":"tr"}]}},"_links":{"self":[{"href":"https:\/\/pintest.info.tr\/index.php?rest_route=\/wp\/v2\/pages\/23298"}],"collection":[{"href":"https:\/\/pintest.info.tr\/index.php?rest_route=\/wp\/v2\/pages"}],"about":[{"href":"https:\/\/pintest.info.tr\/index.php?rest_route=\/wp\/v2\/types\/page"}],"author":[{"embeddable":true,"href":"https:\/\/pintest.info.tr\/index.php?rest_route=\/wp\/v2\/users\/4"}],"replies":[{"embeddable":true,"href":"https:\/\/pintest.info.tr\/index.php?rest_route=%2Fwp%2Fv2%2Fcomments&post=23298"}],"version-history":[{"count":0,"href":"https:\/\/pintest.info.tr\/index.php?rest_route=\/wp\/v2\/pages\/23298\/revisions"}],"wp:attachment":[{"href":"https:\/\/pintest.info.tr\/index.php?rest_route=%2Fwp%2Fv2%2Fmedia&parent=23298"}],"curies":[{"name":"wp","href":"https:\/\/api.w.org\/{rel}","templated":true}]}}