{"id":23313,"date":"2017-10-10T23:01:02","date_gmt":"2017-10-10T20:01:02","guid":{"rendered":"https:\/\/pintest.info.tr\/?page_id=23313"},"modified":"2023-11-10T17:33:49","modified_gmt":"2023-11-10T14:33:49","slug":"isyeri-gaz-buhar-olcumu","status":"publish","type":"page","link":"https:\/\/pintest.info.tr\/?page_id=23313","title":{"rendered":"\u0130\u015eYER\u0130 GAZ BUHAR \u00d6L\u00c7\u00dcM\u00dc"},"content":{"rendered":"<section class=\"l-section wpb_row height_auto\" style=\"margin-top: -100px !important;\"><div class=\"l-section-h i-cf\"><div class=\"g-cols type_default valign_top\"><div class=\"vc_col-sm-12 wpb_column vc_column_container\"><div class=\"vc_column-inner\"><div class=\"wpb_wrapper\">[vc_empty_space height=&#8221;100&#8243;][vc_custom_heading text=&#8221;\u0130\u015eYER\u0130 GAZ BUHAR \u00d6L\u00c7\u00dcM\u00dc&#8221; google_fonts=&#8221;font_family:Anton%3Aregular|font_style:400%20regular%3A400%3Anormal&#8221;]<\/div><\/div><\/div><\/div><\/div><\/section><section class=\"l-section wpb_row height_auto\" style=\"padding-top: -50px !important;padding-bottom: -50px !important;\"><div class=\"l-section-h i-cf\"><div class=\"g-cols type_default valign_middle\"><div class=\"vc_col-sm-12 wpb_column vc_column_container\"><div class=\"vc_column-inner\"><div class=\"wpb_wrapper\">[vc_empty_space height=&#8221;20px&#8221;]\n\t<div class=\"wpb_text_column \">\n\t\t<div class=\"wpb_wrapper\">\n\t\t\t<p>\u00c7al\u0131\u015fma ortam\u0131nda \u00e7al\u0131\u015fanlar\u0131n sa\u011fl\u0131k ve g\u00fcvenlikleri i\u00e7in risk olu\u015fturan \u00e7e\u015fitli maddelerin varl\u0131\u011f\u0131 ve etkilerinin saptanmas\u0131, kontrol alt\u0131na al\u0131nmas\u0131 amac\u0131yla i\u00e7 ortam gaz ve kimyasal \u00f6l\u00e7\u00fcmleri yap\u0131lmal\u0131d\u0131r. \u00d6zellikle Boya, kaynak i\u015fleri, \u00e7inko, demir, krom, kur\u015fun vb. metallerin eritilmesi ve d\u00f6k\u00fcm i\u015flemleri, PVC, plastik ve t\u00fcrevlerinin \u0131s\u0131l i\u015flemleri, asit, solvent ve tahri\u015f edici kimyasallar\u0131n kullan\u0131ld\u0131\u011f\u0131 i\u015flerde ortama yay\u0131lan gazlar\u0131n uzun s\u00fcreli solunmas\u0131 \u00e7e\u015fitli meslek hastal\u0131klar\u0131na neden olmaktad\u0131r. Solunan hava kalitesinin s\u00fcrekli izlenerek, sonu\u00e7lar\u0131n mevzuatta belirtilen maruziyet s\u0131n\u0131r de\u011ferleri ge\u00e7mesi durumunda gerekli \u00f6nlem ve tedbirleri alarak meslek hastal\u0131\u011f\u0131 riskini azaltabilirsiniz.<\/p>\n\n\t\t<\/div>\n\t<\/div>\n[vc_empty_space height=&#8221;0px&#8221;]<\/div><\/div><\/div><\/div><\/div><\/section><!-- Row Backgrounds --><div class=\"upb_color\" data-bg-override=\"0\" data-bg-color=\"#efefef\" data-fadeout=\"\" data-fadeout-percentage=\"30\" data-parallax-content=\"\" data-parallax-content-sense=\"30\" data-row-effect-mobile-disable=\"true\" data-img-parallax-mobile-disable=\"true\" data-rtl=\"false\"  data-custom-vc-row=\"\"  data-vc=\"5.1.1\"  data-is_old_vc=\"\"  data-theme-support=\"\"   data-overlay=\"false\" data-overlay-color=\"\" data-overlay-pattern=\"\" data-overlay-pattern-opacity=\"\" data-overlay-pattern-size=\"\"    ><\/div><section class=\"l-section wpb_row height_auto\" style=\"margin-top: 0px !important;\"><div class=\"l-section-h i-cf\"><div class=\"g-cols type_default valign_top\"><div class=\"vc_col-sm-12 wpb_column vc_column_container\"><div class=\"vc_column-inner\"><div class=\"wpb_wrapper\">[vc_empty_space height=&#8221;10px&#8221;]\n\t<div class=\"wpb_text_column \">\n\t\t<div class=\"wpb_wrapper\">\n\t\t\t<p><strong>P\u0130NTEST M\u00fchendislik<\/strong> olarak, \u00c7al\u0131\u015fma ortam\u0131ndaki gaz ve kimyasallar\u0131n \u00f6l\u00e7\u00fcmlerini yapmaktay\u0131z. T\u00fcm \u00f6l\u00e7\u00fcmler yasalar ve y\u00f6netmeliklerde belirtilen metot, cihaz ve \u00f6l\u00e7\u00fcm teknikleri ile konusunda uzman personellerimiz taraf\u0131ndan yap\u0131lmakta olup \u00f6l\u00e7me, analiz ve de\u011ferlendirme sonu\u00e7lar\u0131 rapor halinde sunulmaktad\u0131r.<\/p>\n<p><strong>Kimyasal Gaz ve Buharlar\u0131n Zararlar\u0131:<\/strong><\/p>\n<ul>\n<li>Dikkatin da\u011f\u0131lmas\u0131n\u0131 ve kaza riskini art\u0131r\u0131r<\/li>\n<li>Deri hastal\u0131\u011f\u0131 olu\u015ftururlar<\/li>\n<li>Havadaki oksijeni d\u00fc\u015f\u00fcrerek bo\u011fucu etki yapar<\/li>\n<li>Solunum sistemini tahri\u015f ederler<\/li>\n<li>Gazlar ve kimyasallarmeslek hastal\u0131\u011f\u0131 yapar<\/li>\n<\/ul>\n\n\t\t<\/div>\n\t<\/div>\n[vc_empty_space height=&#8221;10px&#8221;]<\/div><\/div><\/div><\/div><\/div><\/section>\n","protected":false},"excerpt":{"rendered":"[vc_empty_space height=\"20px\"][vc_empty_space height=\"8px\"][vc_custom_heading text=\"\u0130\u015fyeri Elektrik &amp; Mekanik Periyodik Kontrolleri hususunda P\u0130NTEST uzman kadrosu ile \u00f6l\u00e7\u00fcm, analiz ve \u00e7ok h\u0131zl\u0131 raporlama hizmeti ile yan\u0131n\u0131zda.\" font_container=\"tag:p|text_align:left\" google_fonts=\"font_family:Open%20Sans%3A300%2C300italic%2Cregular%2Citalic%2C600%2C600italic%2C700%2C700italic%2C800%2C800italic|font_style:300%20light%20italic%3A300%3Aitalic\" css=\".vc_custom_1697119055686{margin-top: -20px !important;}\"][vc_empty_space height=\"10px\"][vc_empty_space height=\"10px\"][vc_custom_heading text=\"Bizi Takip Edin\" font_container=\"tag:h5|text_align:left\" google_fonts=\"font_family:Open%20Sans%3A300%2C300italic%2Cregular%2Citalic%2C600%2C600italic%2C700%2C700italic%2C800%2C800italic|font_style:400%20regular%3A400%3Anormal\"] Facebook Twitter LinkedIn Instagram [vc_empty_space height=\"10px\"][vc_empty_space height=\"20px\"]mailinfo@pintest.com.tr[vc_empty_space height=\"5px\"]phone0212 945 88 45[vc_empty_space height=\"5px\"]smartphone0505 745 88 45[vc_empty_space height=\"5px\"]print0212 945 88 45[vc_empty_space height=\"15px\"][vc_empty_space...","protected":false},"author":4,"featured_media":0,"parent":0,"menu_order":0,"comment_status":"closed","ping_status":"closed","template":"","meta":{"om_disable_all_campaigns":false,"_monsterinsights_skip_tracking":false,"_monsterinsights_sitenote_active":false,"_monsterinsights_sitenote_note":"","_monsterinsights_sitenote_category":0,"_uf_show_specific_survey":0,"_uf_disable_surveys":false,"footnotes":""},"aioseo_notices":[],"yoast_head":"<!-- This site is optimized with the Yoast SEO plugin v21.3 - https:\/\/yoast.com\/wordpress\/plugins\/seo\/ -->\n<title>\u0130\u015eYER\u0130 GAZ BUHAR \u00d6L\u00c7\u00dcM\u00dc - Pintest - Uygunluk De\u011ferlendirme Kurulu\u015fu<\/title>\n<meta name=\"robots\" content=\"index, follow, max-snippet:-1, max-image-preview:large, max-video-preview:-1\" \/>\n<link rel=\"canonical\" href=\"https:\/\/pintest.info.tr\/?page_id=23313\" \/>\n<meta property=\"og:locale\" content=\"tr_TR\" \/>\n<meta property=\"og:type\" content=\"article\" \/>\n<meta property=\"og:title\" content=\"\u0130\u015eYER\u0130 GAZ BUHAR \u00d6L\u00c7\u00dcM\u00dc - Pintest - Uygunluk De\u011ferlendirme Kurulu\u015fu\" \/>\n<meta property=\"og:url\" content=\"https:\/\/pintest.info.tr\/?page_id=23313\" \/>\n<meta property=\"og:site_name\" content=\"Pintest - Uygunluk De\u011ferlendirme Kurulu\u015fu\" \/>\n<meta property=\"article:modified_time\" content=\"2023-11-10T14:33:49+00:00\" \/>\n<meta name=\"twitter:card\" content=\"summary_large_image\" \/>\n<meta name=\"twitter:label1\" content=\"Tahmini okuma s\u00fcresi\" \/>\n\t<meta name=\"twitter:data1\" content=\"2 dakika\" \/>\n<script type=\"application\/ld+json\" class=\"yoast-schema-graph\">{\"@context\":\"https:\/\/schema.org\",\"@graph\":[{\"@type\":\"WebPage\",\"@id\":\"https:\/\/pintest.info.tr\/?page_id=23313\",\"url\":\"https:\/\/pintest.info.tr\/?page_id=23313\",\"name\":\"\u0130\u015eYER\u0130 GAZ BUHAR \u00d6L\u00c7\u00dcM\u00dc - Pintest - Uygunluk De\u011ferlendirme Kurulu\u015fu\",\"isPartOf\":{\"@id\":\"https:\/\/pintest.info.tr\/#website\"},\"datePublished\":\"2017-10-10T20:01:02+00:00\",\"dateModified\":\"2023-11-10T14:33:49+00:00\",\"inLanguage\":\"tr\",\"potentialAction\":[{\"@type\":\"ReadAction\",\"target\":[\"https:\/\/pintest.info.tr\/?page_id=23313\"]}]},{\"@type\":\"WebSite\",\"@id\":\"https:\/\/pintest.info.tr\/#website\",\"url\":\"https:\/\/pintest.info.tr\/\",\"name\":\"Pintest - Uygunluk De\u011ferlendirme Kurulu\u015fu\",\"description\":\"Periyodik Kontrol &amp; Ortam \u00d6l\u00e7\u00fcmleri\",\"potentialAction\":[{\"@type\":\"SearchAction\",\"target\":{\"@type\":\"EntryPoint\",\"urlTemplate\":\"https:\/\/pintest.info.tr\/?s={search_term_string}\"},\"query-input\":\"required name=search_term_string\"}],\"inLanguage\":\"tr\"}]}<\/script>\n<!-- \/ Yoast SEO plugin. -->","yoast_head_json":{"title":"\u0130\u015eYER\u0130 GAZ BUHAR \u00d6L\u00c7\u00dcM\u00dc - Pintest - Uygunluk De\u011ferlendirme Kurulu\u015fu","robots":{"index":"index","follow":"follow","max-snippet":"max-snippet:-1","max-image-preview":"max-image-preview:large","max-video-preview":"max-video-preview:-1"},"canonical":"https:\/\/pintest.info.tr\/?page_id=23313","og_locale":"tr_TR","og_type":"article","og_title":"\u0130\u015eYER\u0130 GAZ BUHAR \u00d6L\u00c7\u00dcM\u00dc - Pintest - Uygunluk De\u011ferlendirme Kurulu\u015fu","og_url":"https:\/\/pintest.info.tr\/?page_id=23313","og_site_name":"Pintest - Uygunluk De\u011ferlendirme Kurulu\u015fu","article_modified_time":"2023-11-10T14:33:49+00:00","twitter_card":"summary_large_image","twitter_misc":{"Tahmini okuma s\u00fcresi":"2 dakika"},"schema":{"@context":"https:\/\/schema.org","@graph":[{"@type":"WebPage","@id":"https:\/\/pintest.info.tr\/?page_id=23313","url":"https:\/\/pintest.info.tr\/?page_id=23313","name":"\u0130\u015eYER\u0130 GAZ BUHAR \u00d6L\u00c7\u00dcM\u00dc - Pintest - Uygunluk De\u011ferlendirme Kurulu\u015fu","isPartOf":{"@id":"https:\/\/pintest.info.tr\/#website"},"datePublished":"2017-10-10T20:01:02+00:00","dateModified":"2023-11-10T14:33:49+00:00","inLanguage":"tr","potentialAction":[{"@type":"ReadAction","target":["https:\/\/pintest.info.tr\/?page_id=23313"]}]},{"@type":"WebSite","@id":"https:\/\/pintest.info.tr\/#website","url":"https:\/\/pintest.info.tr\/","name":"Pintest - Uygunluk De\u011ferlendirme Kurulu\u015fu","description":"Periyodik Kontrol &amp; Ortam \u00d6l\u00e7\u00fcmleri","potentialAction":[{"@type":"SearchAction","target":{"@type":"EntryPoint","urlTemplate":"https:\/\/pintest.info.tr\/?s={search_term_string}"},"query-input":"required name=search_term_string"}],"inLanguage":"tr"}]}},"_links":{"self":[{"href":"https:\/\/pintest.info.tr\/index.php?rest_route=\/wp\/v2\/pages\/23313"}],"collection":[{"href":"https:\/\/pintest.info.tr\/index.php?rest_route=\/wp\/v2\/pages"}],"about":[{"href":"https:\/\/pintest.info.tr\/index.php?rest_route=\/wp\/v2\/types\/page"}],"author":[{"embeddable":true,"href":"https:\/\/pintest.info.tr\/index.php?rest_route=\/wp\/v2\/users\/4"}],"replies":[{"embeddable":true,"href":"https:\/\/pintest.info.tr\/index.php?rest_route=%2Fwp%2Fv2%2Fcomments&post=23313"}],"version-history":[{"count":1,"href":"https:\/\/pintest.info.tr\/index.php?rest_route=\/wp\/v2\/pages\/23313\/revisions"}],"predecessor-version":[{"id":25333,"href":"https:\/\/pintest.info.tr\/index.php?rest_route=\/wp\/v2\/pages\/23313\/revisions\/25333"}],"wp:attachment":[{"href":"https:\/\/pintest.info.tr\/index.php?rest_route=%2Fwp%2Fv2%2Fmedia&parent=23313"}],"curies":[{"name":"wp","href":"https:\/\/api.w.org\/{rel}","templated":true}]}}